{"id":5,"date":"2014-04-20T03:25:52","date_gmt":"2014-04-20T01:25:52","guid":{"rendered":"http:\/\/www.musicistherapy.de\/?page_id=5"},"modified":"2025-10-22T02:24:00","modified_gmt":"2025-10-22T00:24:00","slug":"leaf-creek-studios","status":"publish","type":"page","link":"https:\/\/aposphragisma.musicistherapy.de\/?page_id=5","title":{"rendered":"Blue Moon Therapy Room"},"content":{"rendered":"<p>An diesem verlassenen Ort wird komponiert, gemixt, gemastert&#8230;.<\/p>\n<p><a href=\"https:\/\/aposphragisma.musicistherapy.de\/wp-content\/uploads\/2025\/10\/20251017_225846-scaled.jpg\" data-rel=\"lightbox-image-0\" data-rl_title=\"\" data-rl_caption=\"\" title=\"\"><img loading=\"lazy\" decoding=\"async\" class=\"aligncenter wp-image-1260 size-large\" src=\"https:\/\/aposphragisma.musicistherapy.de\/wp-content\/uploads\/2025\/10\/20251017_225846-scaled-e1761092630200-1024x956.jpg\" alt=\"\" width=\"720\" height=\"672\" srcset=\"https:\/\/aposphragisma.musicistherapy.de\/wp-content\/uploads\/2025\/10\/20251017_225846-scaled-e1761092630200-1024x956.jpg 1024w, https:\/\/aposphragisma.musicistherapy.de\/wp-content\/uploads\/2025\/10\/20251017_225846-scaled-e1761092630200-300x280.jpg 300w, https:\/\/aposphragisma.musicistherapy.de\/wp-content\/uploads\/2025\/10\/20251017_225846-scaled-e1761092630200-768x717.jpg 768w, https:\/\/aposphragisma.musicistherapy.de\/wp-content\/uploads\/2025\/10\/20251017_225846-scaled-e1761092630200-1536x1434.jpg 1536w, https:\/\/aposphragisma.musicistherapy.de\/wp-content\/uploads\/2025\/10\/20251017_225846-scaled-e1761092630200.jpg 1920w\" sizes=\"auto, (max-width: 720px) 100vw, 720px\" \/><\/a><\/p>\n<p>&#8230;und ja richtig, die coffeinhaltige Brause hat gerade eben mal nicht aufs Foto gewollt \ud83d\ude09 Ach ja, ein Sub steht noch unterm Tisch, sonst gibt es nur noch einige GB an VST Plugins, das wars&#8230;.<\/p>\n<p><span id=\"result_box\" lang=\"en\"><span class=\"hps\">Um ehrlich zu sein, das ist mein Equipment:<br \/>\n<\/span><\/span><\/p>\n<ul>\n<li>Lenovo\u00a9 Yoga Slim 7 Pro 16ACH6 (Windows\u00a9 11)<br \/>\nwith AMD\u00a9 Ryzen 7 5800H, 16 GB DDR4 RAM,<br \/>\n2TB Samsung\u00a9 SSD 970 Evo (und noch einige TB&#8217;s irgendwo)&#8230;<\/li>\n<li>Dell\u00a9 Curved 34&#8243; Monitor S3422DWG<\/li>\n<li>Dynavoice\u00a9 Magic FX-4 Monitor Boxen<\/li>\n<li>Mivoc\u00a9 Hype 10 G2 Subwoofer<\/li>\n<li>FL Studio\u00a9 Producer Edition DAW<\/li>\n<li>Novation\u00a9 FLkey 37 Midi Keyboard<\/li>\n<li>Sony\u00a9 MDR-M1 Professional Studio Stereo Headphone<\/li>\n<li>Sony\u00a9 WH-XB900N Headphone<\/li>\n<li>Blue\u00a9 Snowball Microphone<\/li>\n<li>Voxengo\u00a9 Premium Membership<\/li>\n<li>Izotope\u00a9 Ozone 11 Advanced<\/li>\n<li>einige Tonnen anderer Plug Ins<\/li>\n<li>uvm.<\/li>\n<\/ul>\n<p><span id=\"result_box\" lang=\"en\"><span class=\"hps\">\u00a0<\/span><\/span><\/p>\n<p>Ausser f\u00fcr dieses Projekt wurden hier bis dato auch Aufgaben f\u00fcr Andere (siehe Liste) durchgef\u00fchrt:<\/p>\n<ul>\n<li><a href=\"https:\/\/www.facebook.com\/pages\/The-Mainstreets\/141042752630319\" target=\"_blank\" rel=\"noopener noreferrer\">The Mainstreets<\/a><\/li>\n<\/ul>\n<p><a href=\"https:\/\/aposphragisma.musicistherapy.de\/wp-content\/uploads\/2014\/04\/cropped-Mainstreets.jpg\" data-rel=\"lightbox-image-1\" data-rl_title=\"\" data-rl_caption=\"\" title=\"\"><img loading=\"lazy\" decoding=\"async\" class=\"alignnone size-medium wp-image-787\" src=\"https:\/\/aposphragisma.musicistherapy.de\/wp-content\/uploads\/2014\/04\/cropped-Mainstreets-300x136.jpg\" alt=\"\" width=\"300\" height=\"136\" srcset=\"https:\/\/aposphragisma.musicistherapy.de\/wp-content\/uploads\/2014\/04\/cropped-Mainstreets-300x136.jpg 300w, https:\/\/aposphragisma.musicistherapy.de\/wp-content\/uploads\/2014\/04\/cropped-Mainstreets-768x348.jpg 768w, https:\/\/aposphragisma.musicistherapy.de\/wp-content\/uploads\/2014\/04\/cropped-Mainstreets-1024x463.jpg 1024w, https:\/\/aposphragisma.musicistherapy.de\/wp-content\/uploads\/2014\/04\/cropped-Mainstreets.jpg 1900w\" sizes=\"auto, (max-width: 300px) 100vw, 300px\" \/><\/a><\/p>\n","protected":false},"excerpt":{"rendered":"<p>An diesem verlassenen Ort wird komponiert, gemixt, gemastert&#8230;. &#8230;und ja richtig, die coffeinhaltige Brause hat gerade eben mal nicht aufs Foto gewollt \ud83d\ude09 Ach ja, ein Sub steht noch unterm Tisch, sonst gibt es nur noch einige GB an VST Plugins, das wars&#8230;. Um ehrlich zu sein, das ist mein Equipment: Lenovo\u00a9 Yoga Slim 7 [&hellip;]<\/p>\n","protected":false},"author":1,"featured_media":0,"parent":0,"menu_order":2,"comment_status":"closed","ping_status":"closed","template":"","meta":{"footnotes":""},"class_list":["post-5","page","type-page","status-publish","hentry","post"],"_links":{"self":[{"href":"https:\/\/aposphragisma.musicistherapy.de\/index.php?rest_route=\/wp\/v2\/pages\/5","targetHints":{"allow":["GET"]}}],"collection":[{"href":"https:\/\/aposphragisma.musicistherapy.de\/index.php?rest_route=\/wp\/v2\/pages"}],"about":[{"href":"https:\/\/aposphragisma.musicistherapy.de\/index.php?rest_route=\/wp\/v2\/types\/page"}],"author":[{"embeddable":true,"href":"https:\/\/aposphragisma.musicistherapy.de\/index.php?rest_route=\/wp\/v2\/users\/1"}],"replies":[{"embeddable":true,"href":"https:\/\/aposphragisma.musicistherapy.de\/index.php?rest_route=%2Fwp%2Fv2%2Fcomments&post=5"}],"version-history":[{"count":30,"href":"https:\/\/aposphragisma.musicistherapy.de\/index.php?rest_route=\/wp\/v2\/pages\/5\/revisions"}],"predecessor-version":[{"id":1267,"href":"https:\/\/aposphragisma.musicistherapy.de\/index.php?rest_route=\/wp\/v2\/pages\/5\/revisions\/1267"}],"wp:attachment":[{"href":"https:\/\/aposphragisma.musicistherapy.de\/index.php?rest_route=%2Fwp%2Fv2%2Fmedia&parent=5"}],"curies":[{"name":"wp","href":"https:\/\/api.w.org\/{rel}","templated":true}]}}