{"id":45,"date":"2014-05-07T23:39:41","date_gmt":"2014-05-07T21:39:41","guid":{"rendered":"http:\/\/www.musicistherapy.de\/?page_id=45"},"modified":"2025-10-22T02:14:44","modified_gmt":"2025-10-22T00:14:44","slug":"info","status":"publish","type":"page","link":"https:\/\/aposphragisma.musicistherapy.de\/?page_id=45","title":{"rendered":"Info"},"content":{"rendered":"<p><span style=\"font-size: revert; color: initial;\">For all Bass-Junkies in the Universe!<\/span><\/p>\n<div>\n<div class=\"mvm uiP fsm\"><strong><span class=\"fwb\">Biografie:<\/span><\/strong><\/div>\n<p>Das Technoide Projekt unter diesem Label ist die Wiedergeburt von Claudo alias Grey_C im Jahr 2005. Unter diesen beiden Namen machte er vorher seit Ende &#8217;99 selbst Musik. Unter dem einen liefen die eigenen Tracks, unter dem anderen die Remixe, nun ist beides zusammengef\u00fchrt worden&#8230;..Mehr Info \u00fcber ihn gibt&#8217;s nur per Mail (Kontakt) \ud83d\ude09<\/p>\n<div id=\"attachment_1236\" style=\"width: 310px\" class=\"wp-caption alignnone\"><a href=\"https:\/\/aposphragisma.musicistherapy.de\/wp-content\/uploads\/2024\/11\/Claudo-2023.jpg\" data-rel=\"lightbox-image-0\" data-rl_title=\"\" data-rl_caption=\"\" title=\"\"><img loading=\"lazy\" decoding=\"async\" aria-describedby=\"caption-attachment-1236\" class=\"wp-image-1236 size-medium\" src=\"https:\/\/aposphragisma.musicistherapy.de\/wp-content\/uploads\/2024\/11\/Claudo-2023-300x300.jpg\" alt=\"Claudo 2023\" width=\"300\" height=\"300\" srcset=\"https:\/\/aposphragisma.musicistherapy.de\/wp-content\/uploads\/2024\/11\/Claudo-2023-300x300.jpg 300w, https:\/\/aposphragisma.musicistherapy.de\/wp-content\/uploads\/2024\/11\/Claudo-2023-1024x1024.jpg 1024w, https:\/\/aposphragisma.musicistherapy.de\/wp-content\/uploads\/2024\/11\/Claudo-2023-150x150.jpg 150w, https:\/\/aposphragisma.musicistherapy.de\/wp-content\/uploads\/2024\/11\/Claudo-2023-768x768.jpg 768w, https:\/\/aposphragisma.musicistherapy.de\/wp-content\/uploads\/2024\/11\/Claudo-2023.jpg 1051w\" sizes=\"auto, (max-width: 300px) 100vw, 300px\" \/><\/a><p id=\"caption-attachment-1236\" class=\"wp-caption-text\">Claudo 2023<\/p><\/div>\n<address><strong style=\"font-size: 15px;\"><span class=\"fwb\"><br \/>\nBeschreibung:<\/span><\/strong><\/address>\n<\/div>\n<div class=\"mvm uiP fsm\">Aposphragisma (lat.), das Siegel:<\/div>\n<p>Warum der Name? Er ist ziemlich &#8222;unique&#8220; (gib ihn doch mal in Google ein&#8230;) und l\u00e4sst viel Raum f\u00fcr Interpretation&#8230; \ud83d\ude09 Man sollte auch nicht zulange \u00fcber das Genre diskutieren, elektronische Musik ist es definitv, ob eher Trance, Techno, Hardtrance, Acid, Hardcore, Rave, Dance, Club oder &#8222;wasweissich&#8220; ist doch echt Schranz! *lol*<\/p>\n<p><span class=\"text_exposed_show\">Das einzige Ziel des ganzen ist &#8222;Spa\u00df an de Freud!&#8220; wie der Hesse sagt \ud83d\ude09 Deswegen ja auch das ultimativ korrekte Motto&#8230;<\/span><\/p>\n<p><em><strong>Music is Therapy!<\/strong><\/em><\/p>\n<p>womit wohl haupts\u00e4chlich die positiven Vibrations auf das einzige Mitglied des Projekts gemeint sind. Gearbeitet wird zu 99% irgendwann zwischen 23:00 und 05:00, meistens am WE, da der Produzent verheiratet, weit \u00fcber 30 (*hust*) ist und zwei nicht mehr ganz so kleine T\u00f6chter hat und von der Music nicht leben kann. Die sp\u00e4te Schaffenszeit war es auch die letztendlich zu dem Logo gef\u00fchrt hat, quasi &#8222;Working under the Light of Moon&#8220;&#8230;<\/p>\n<h4 class=\"uiHeaderTitle\"><\/h4>\n<p class=\"uiHeaderTitle\"><strong>Allgemeine Informationen<\/strong><\/p>\n<p class=\"uiHeaderTitle\"><em>Gegr\u00fcndet:<\/em><br \/>\n2005 (in der N\u00e4he von Frankfurt)<\/p>\n<p class=\"uiHeaderTitle\"><em>Mitglieder:<\/em><br \/>\nich und mein PC \ud83d\ude09 &#8230;und ein bisschen Hard- und Software Zeugs&#8230;<\/p>\n<p class=\"uiHeaderTitle\"><em>Studio:<\/em><br \/>\nBlue Moon Therapy Room<\/p>\n<p class=\"uiHeaderTitle\"><em>Distribution:<\/em><br \/>\nDistroKid<\/p>\n<p class=\"uiHeaderTitle\"><em>Einfl\u00fcsse:<\/em><br \/>\nIch h\u00f6re und mag ne Menge Musikrichtungen und Bands, das geht bis in den Metalbereich herein. Deshalb bin ich sicher dass all das und auch das was ich nicht mag, Einfluss auf mich genommen hat. In welcher St\u00e4rke und Form auch immer&#8230;<\/p>\n","protected":false},"excerpt":{"rendered":"<p>For all Bass-Junkies in the Universe! Biografie: Das Technoide Projekt unter diesem Label ist die Wiedergeburt von Claudo alias Grey_C im Jahr 2005. Unter diesen beiden Namen machte er vorher seit Ende &#8217;99 selbst Musik. Unter dem einen liefen die eigenen Tracks, unter dem anderen die Remixe, nun ist beides zusammengef\u00fchrt worden&#8230;..Mehr Info \u00fcber ihn [&hellip;]<\/p>\n","protected":false},"author":1,"featured_media":0,"parent":0,"menu_order":1,"comment_status":"closed","ping_status":"closed","template":"","meta":{"footnotes":""},"class_list":["post-45","page","type-page","status-publish","hentry","post"],"_links":{"self":[{"href":"https:\/\/aposphragisma.musicistherapy.de\/index.php?rest_route=\/wp\/v2\/pages\/45","targetHints":{"allow":["GET"]}}],"collection":[{"href":"https:\/\/aposphragisma.musicistherapy.de\/index.php?rest_route=\/wp\/v2\/pages"}],"about":[{"href":"https:\/\/aposphragisma.musicistherapy.de\/index.php?rest_route=\/wp\/v2\/types\/page"}],"author":[{"embeddable":true,"href":"https:\/\/aposphragisma.musicistherapy.de\/index.php?rest_route=\/wp\/v2\/users\/1"}],"replies":[{"embeddable":true,"href":"https:\/\/aposphragisma.musicistherapy.de\/index.php?rest_route=%2Fwp%2Fv2%2Fcomments&post=45"}],"version-history":[{"count":32,"href":"https:\/\/aposphragisma.musicistherapy.de\/index.php?rest_route=\/wp\/v2\/pages\/45\/revisions"}],"predecessor-version":[{"id":1262,"href":"https:\/\/aposphragisma.musicistherapy.de\/index.php?rest_route=\/wp\/v2\/pages\/45\/revisions\/1262"}],"wp:attachment":[{"href":"https:\/\/aposphragisma.musicistherapy.de\/index.php?rest_route=%2Fwp%2Fv2%2Fmedia&parent=45"}],"curies":[{"name":"wp","href":"https:\/\/api.w.org\/{rel}","templated":true}]}}